{"id":395,"date":"2021-07-19T07:25:37","date_gmt":"2021-07-19T05:25:37","guid":{"rendered":"http:\/\/best-form.de\/faq\/"},"modified":"2024-10-02T10:20:14","modified_gmt":"2024-10-02T08:20:14","slug":"faq","status":"publish","type":"page","link":"https:\/\/best-form.de\/en\/faq\/","title":{"rendered":"FAQ"},"content":{"rendered":"<p><strong>Wie kann ich einen 3D-Druck in Auftrag geben oder eine unverbindliche Angebotsanfrage versenden?<\/strong><br \/>\nIn unserem <a href=\"https:\/\/best-form.de\/shop\/individueller-3d-druck\/\">Online Konfigurator<\/a> k\u00f6nnen Sie sich nicht nur die Kosten f\u00fcr Ihren 3D-Druck in Echtzeit anzeigen bzw. berechnen lassen, sondern uns auch direkt eine Angebotsanfrage zukommen lassen. In der Regel beantworten wir Ihre Anfragen an Werktagen innerhalb von 24 Stunden. Insofern Ihnen das \u00fcbersendete Angebot zusagt, k\u00f6nnen Sie sich Ihren individuellen 3D-Druck einfach und bequem in den Warenkorb legen und Ihre Bestellung an der Kasse abschlie\u00dfen.<\/p>\n<p><strong>Wie lange dauert ein 3D-Druck f\u00fcr gew\u00f6hnlich?<\/strong><br \/>\nDa die Druckdauer sehr stark von ihrem Modell, sowie den gew\u00fcnschten Eigenschaften (Qualit\u00e4t, Stabilit\u00e4t, Material usw.) abh\u00e4ngig ist, l\u00e4sst sich dies nur schwer beantworten. Die meisten 3D-Druckauftr\u00e4ge k\u00f6nnen wir jedoch innerhalb von 1-3 Werktagen abwickeln.<br \/>\n<em>(Unsere Reaktionszeit betr\u00e4gt in der Regel 24 Stunden.)<\/em><\/p>\n<p><strong>Was kostet ein 3D-Druck?<\/strong><br \/>\nDies ist stets\u00a0individuell zu betrachten. Lassen Sie uns einfach eine STL-Datei zukommen und beschreiben Sie in kurzen S\u00e4tzen die Anforderungen an Ihrem Objekt. Wir werden Ihnen schnellstm\u00f6glich mit einem unverbindlichen Angebot antworten.<br \/>\nNEU: Probieren Sie einfach unseren kostenlosen Service f\u00fcr eine <a href=\"https:\/\/best-form.de\/shop\/individueller-3d-druck\/\">Kostenkalkulation in Echtzeit<\/a>.<\/p>\n<p><strong>Wie gro\u00df k\u00f6nnen Objekte gedruckt werden?<\/strong><br \/>\nDer maximale Druckbereich (f\u00fcr PLA) liegt derzeit bei: (L x B x H) ca. 355 x 355 x 355mm<br \/>\nDer maximale Druckbereich (f\u00fcr ABS) liegt derzeit bei: (L x B x H) ca. 215 x 215 x 200mm<\/p>\n<p><strong>Welche Materialien k\u00f6nnen beim Druck verwendet werden?<\/strong><br \/>\nHier haben wir einiges Im Angebot. Infos zu den Materialien und deren Eigenschaften k\u00f6nnen sie <a href=\"https:\/\/best-form.de\/materialien\/\">hier<\/a> entnehmen.<\/p>\n<p><strong>Wie Stabil kann ein 3D-Druck sein?<\/strong><br \/>\nDies h\u00e4ngt sehr stark von den einzelnen Faktoren wie Material, Form,\u00a0Konstruktion und letztendlich dem Einsatzbereich ab. Wir werden gemeinsam mit Ihnen die bestm\u00f6gliche Mischung dieser Faktoren finden und Sie in jeder Weise bestm\u00f6glich beraten um f\u00fcr Sie das beste Ergebnis erzielen zu k\u00f6nnen.<\/p>\n<p><strong>Wie fein\/genau kann gedruckt werden?<\/strong><br \/>\nDer 3D-Drucker druckt auf ca. +\/- 0.20mm genau (in der X- und Y-Achse). Die Schichth\u00f6he (Z-Achse) kann dabei selbst bestimmt werden und definiert dadurch mitunter die Qualit\u00e4t des Objekts. Hier kann zwischen 0.06mm und 0.40mm gew\u00e4hlt werden.<\/p>\n<p><strong>Woher bekomme ich die Bankdaten, wenn ich eine Bestellung im Shop via \u00dcberweisung aufgebe?<\/strong><br \/>\nSofort nach der Bestellung, erhalten Sie eine E-Mail mit allen n\u00f6tigen Informationen zu unseren Daten.<\/p>\n<p><strong>Bekomme ich eine Rechnung zu meiner Bestellung?<\/strong><br \/>\nSelbstverst\u00e4ndlich erhalten Sie eine offizielle Rechnung (inkl. 19% MwSt.) von uns.<\/p>\n<p><strong>Kann ich den Status meiner Bestellung verfolgen?<\/strong><br \/>\nBei jeder Auftrags\u00e4nderung erhalten Sie eine E-Mail mit allen n\u00f6tigen Informationen.<\/p>\n<p><strong>Durch welches Transportunternehmen wird die Ware versendet?<\/strong><br \/>\nWir versenden unsere Waren ausschlie\u00dflich via DHL \/ Deutsche Post.<\/p>\n","protected":false},"excerpt":{"rendered":"<p>Wie kann ich einen 3D-Druck in Auftrag geben oder eine unverbindliche Angebotsanfrage versenden? In unserem Online Konfigurator k\u00f6nnen Sie sich nicht nur die Kosten f\u00fcr Ihren 3D-Druck in Echtzeit anzeigen bzw. berechnen lassen, sondern uns auch direkt eine Angebotsanfrage zukommen lassen. In der Regel beantworten wir Ihre Anfragen an Werktagen innerhalb von 24 Stunden. Insofern [&hellip;]<\/p>\n","protected":false},"author":1,"featured_media":0,"parent":0,"menu_order":0,"comment_status":"closed","ping_status":"closed","template":"","meta":{"footnotes":""},"class_list":["post-395","page","type-page","status-publish","hentry"],"_links":{"self":[{"href":"https:\/\/best-form.de\/en\/wp-json\/wp\/v2\/pages\/395","targetHints":{"allow":["GET"]}}],"collection":[{"href":"https:\/\/best-form.de\/en\/wp-json\/wp\/v2\/pages"}],"about":[{"href":"https:\/\/best-form.de\/en\/wp-json\/wp\/v2\/types\/page"}],"author":[{"embeddable":true,"href":"https:\/\/best-form.de\/en\/wp-json\/wp\/v2\/users\/1"}],"replies":[{"embeddable":true,"href":"https:\/\/best-form.de\/en\/wp-json\/wp\/v2\/comments?post=395"}],"version-history":[{"count":0,"href":"https:\/\/best-form.de\/en\/wp-json\/wp\/v2\/pages\/395\/revisions"}],"wp:attachment":[{"href":"https:\/\/best-form.de\/en\/wp-json\/wp\/v2\/media?parent=395"}],"curies":[{"name":"wp","href":"https:\/\/api.w.org\/{rel}","templated":true}]}}