{"id":4839,"date":"2020-01-10T10:40:34","date_gmt":"2020-01-10T09:40:34","guid":{"rendered":"https:\/\/best-form.de\/materials-colors\/"},"modified":"2021-11-11T07:03:49","modified_gmt":"2021-11-11T06:03:49","slug":"materials-colors","status":"publish","type":"page","link":"https:\/\/best-form.de\/en\/materials-colors\/","title":{"rendered":"Materials &#038; colors"},"content":{"rendered":"<p style=\"text-align: center;\"><img loading=\"lazy\" decoding=\"async\" class=\"aligncenter wp-image-3914\" src=\"https:\/\/best-form.de\/wp-content\/uploads\/2016\/06\/cropped-cropped-logo-seite-nur-innen-wei\u00df-1.png\" alt=\"Logo BEST-FORM\" width=\"74\" height=\"74\" srcset=\"https:\/\/best-form.de\/wp-content\/uploads\/2016\/06\/cropped-cropped-logo-seite-nur-innen-wei\u00df-1.png 249w, https:\/\/best-form.de\/wp-content\/uploads\/2016\/06\/cropped-cropped-logo-seite-nur-innen-wei\u00df-1-100x100.png 100w\" sizes=\"auto, (max-width: 74px) 100vw, 74px\" \/><\/p>\n<div class=\"result-shield-container tlid-copy-target\" style=\"text-align: center;\" tabindex=\"0\"><strong><span class=\"tlid-translation translation\" lang=\"en\" tabindex=\"-1\"><span title=\"\">Here is an overview of our most common materials and their properties:<\/span><\/span><\/strong><\/div>\n<hr \/>\n<p style=\"text-align: center;\"><span style=\"color: #003366;\"><strong>&#8220;PLA&#8221;<br \/>\n<\/strong><\/span><\/p>\n<div class=\"result-shield-container tlid-copy-target\" style=\"text-align: center;\" tabindex=\"0\"><span class=\"tlid-translation translation\" lang=\"en\"><span title=\"\">PLA is characterized above all by its biocompatibility, which makes the plastic food-safe.<\/span> <span title=\"\">Low moisture absorption ensures easier storage and high UV resistance, as well as low flammability are practical properties for a variety of applications.<\/span> <span title=\"\">In general, PLA has good mechanical properties, such as high surface hardness, rigidity and a high modulus of elasticity (tensile strength), but only moderate impact resistance.<\/span><\/p>\n<p><span title=\"\">PLA is moderate temperature and weather resistance.<\/span> <span title=\"\">The dimensional stability is around 55 &#8211; 65 \u00b0 C, which means that PLA is the wrong raw material for thermally intensive applications and objects.<\/span> <span title=\"\">The myth that PLA is considered to be biodegradable due to its biocompatible properties is wrong.<\/span> <span title=\"\">Technically, this is possible, but under normal circumstances this can hardly be achieved.<\/span><\/span><\/div>\n<p style=\"text-align: center;\"><em>(Quelle: www.filamentworld.de\/3d-druck-wissen\/)<\/em><\/p>\n<p style=\"text-align: center;\"><strong><br \/>\nEckdaten:<\/strong><br \/>\n<strong>Rohstoffbeschaffenheit:<\/strong> Biokomponente (Maisst\u00e4rke)<br \/>\n<strong>Dichte:<\/strong> mittel ( ~ 1,21 \u2013 1,45 g\/cm\u00b3)<br \/>\n<strong>Entflammbarkeit:<\/strong> Baustoffklasse B1, schwerer entflammbar<br \/>\n<strong>Witterungsbest\u00e4ndigkeit:<\/strong> Hoch<br \/>\n<strong>UV-Best\u00e4ndigkeit\/ Ausbleichung:<\/strong> Hohe UV-Best\u00e4ndigkeit<br \/>\n<strong>Bruchdehnung:<\/strong> 6%<br \/>\n<strong>Anwendungsbeispiele:<\/strong> Medizinische Anwendungen, Essensverpackungen, Transportbeh\u00e4lter, Figuren, Hygieneprodukte, Spielzeug, Geh\u00e4use- und Bedienungsteile<\/p>\n<p style=\"text-align: center;\"><strong><em>Verf\u00fcgbare Farben:<\/em><\/strong><br \/>\n<span style=\"color: #000000;\"><span style=\"color: #946b1b;\">bronze<\/span>, <span style=\"color: #cc10b9;\">magenta<\/span>, <span style=\"color: #ff9500;\">gold<\/span>, <span style=\"color: #11acbd;\">t\u00fcrkis<\/span>,<br \/>\n<span style=\"color: #0bb828;\">gr\u00fcn<\/span>, <span style=\"color: #a1a1a1;\">wei\u00df<\/span>, schwarz,<br \/>\n<span style=\"color: #ff0000;\">rot<\/span>, <span style=\"color: #0000ff;\">blau<\/span>,<br \/>\n<span style=\"color: #808080;\">silber<\/span>,\u00a0<span style=\"color: #ff6600;\">neon-orange<\/span> und\u00a0<span style=\"color: #d4d40f;\">gelb<\/span>.<br \/>\n<em>(weitere Farben auf Anfrage)<\/em><br \/>\n<\/span><\/p>\n<p style=\"text-align: center;\"><a href=\"https:\/\/best-form.de\/wp-content\/uploads\/2018\/09\/20180921_235654-01-e1537947738824.jpeg\"><img loading=\"lazy\" decoding=\"async\" class=\"aligncenter wp-image-4218\" src=\"https:\/\/best-form.de\/wp-content\/uploads\/2018\/09\/20180921_235654-01-1000x1000.jpeg\" alt=\"Ma\u00dfkrug Klammer\" width=\"433\" height=\"433\" \/><\/a><\/p>\n<hr \/>\n<p style=\"text-align: center;\"><span style=\"color: #003366;\"><strong>&#8220;ABS&#8221;<br \/>\n<\/strong><\/span><\/p>\n<div class=\"result-shield-container tlid-copy-target\" style=\"text-align: center;\" tabindex=\"0\"><span class=\"tlid-translation translation\" lang=\"en\"><span title=\"\">ABS is one of the most widely used plastics in the world.<\/span> <span title=\"\">With the addition of acrylonitrile, ABS is particularly resistant to oils, greases and high temperatures (up to approx. 95 \u00b0 C).<\/span> <span title=\"\">The most important properties of ABS are the high levels of stiffness, toughness and strength that can be achieved.<\/span> <span title=\"\">The overall package is rounded off by very good impact and scratch resistance.<\/span> <span title=\"\">Moderate weather resistance is one of the few disadvantages, and yet it is many times higher than that of PLA, for example.<\/span> <span title=\"\">Weaknesses are mainly found in the low UV resistance, which means that ABS quickly turns yellow and also becomes brittle when exposed to UV for too long.<\/span> <span title=\"\">Due to these properties, ABS is suitable for a wide range of applications in model making, the precision engineering and electrical industries or the automotive industry.<\/span><\/span><\/div>\n<p style=\"text-align: center;\"><em>(Quelle: www.filamentworld.de\/3d-druck-wissen\/)<\/em><\/p>\n<p style=\"text-align: center;\"><strong>Eckdaten:<\/strong><br \/>\n<strong>Rohstoffbeschaffenheit:<\/strong> Synthetisch ( petrochemical based )<br \/>\n<strong>Dichte:<\/strong> Gering ( ~ 1,04 g\/cm\u00b3)<br \/>\n<strong>Entflammbarkeit:<\/strong> Baustoffklasse B2, normal entflammbar<br \/>\n<strong>Witterungsbest\u00e4ndigkeit:<\/strong> Hoch (Ausnahme: UV-anf\u00e4llig, Vergilbung und Verspr\u00f6dung)<br \/>\n<strong>Bruchdehnung:<\/strong> 8% \u2013 10%<br \/>\n<strong>Zus\u00e4tzliche Eigenschaften:<\/strong> Hohe Z\u00e4higkeit und Stabilit\u00e4t, besonders geeignet f\u00fcr Bauteile,<br \/>\ndie hohen Strapazen ausgesetzt werden.<\/p>\n<p style=\"text-align: center;\"><strong><em>Verf\u00fcgbare Farben:<\/em><\/strong> schwarz, silber,<span style=\"color: #999999;\"> wei\u00df<\/span><\/p>\n<hr \/>\n<p style=\"text-align: center;\"><span style=\"color: #003366;\"><strong>&#8220;FlexiFill&#8221;<br \/>\n<\/strong><\/span><\/p>\n<div class=\"result-shield-container tlid-copy-target\" style=\"text-align: center;\" tabindex=\"0\"><span class=\"tlid-translation translation\" lang=\"en\"><span title=\"\">Rubbery filament with a Shore hardness of 45D.<\/span><br \/>\n<span title=\"\">Can be deformed \/ stretched and always returns to its original state<\/span><\/span><\/div>\n<p style=\"text-align: center;\"><strong>Eckdaten:<\/strong><br \/>\n<strong>Rohstoffbeschaffenheit:<\/strong> Synthetisch<br \/>\n<strong>Dichte:<\/strong> Gering ( ~ 1,15 g\/cm\u00b3)<br \/>\n<strong>Entflammbarkeit:<\/strong> Baustoffklasse B2, normal entflammbar<br \/>\n<strong>Witterungsbest\u00e4ndigkeit und UV-Best\u00e4ndigkeit:<\/strong> Hoch<br \/>\n<strong>Bruchdehnung:<\/strong> 8% \u2013 10%<\/p>\n<p style=\"text-align: center;\"><strong><em>Verf\u00fcgbare Farben: <\/em><\/strong>\u00a0schwarz, <span style=\"color: #0000ff;\">blau<\/span><\/p>\n<hr \/>\n<p style=\"text-align: center;\"><span style=\"color: #003366;\"><strong>&#8220;PVA&#8221;<br \/>\n<\/strong><\/span><br \/>\nWasserl\u00f6sliches St\u00fctzmaterial<br \/>\nUnverzichtbar bei\u00a0Objekten mit sehr komplexen Formen bzw. \u00dcberh\u00e4ngen<\/p>\n<p style=\"text-align: center;\"><em>Verf\u00fcgbare Farbe:<\/em> <span style=\"color: #999999;\">transparent<\/span><\/p>\n<hr \/>\n<p style=\"text-align: center;\"><img loading=\"lazy\" decoding=\"async\" class=\"aligncenter wp-image-3914\" src=\"https:\/\/best-form.de\/wp-content\/uploads\/2016\/06\/cropped-cropped-logo-seite-nur-innen-wei\u00df-1.png\" alt=\"Logo BEST-FORM\" width=\"74\" height=\"74\" srcset=\"https:\/\/best-form.de\/wp-content\/uploads\/2016\/06\/cropped-cropped-logo-seite-nur-innen-wei\u00df-1.png 249w, https:\/\/best-form.de\/wp-content\/uploads\/2016\/06\/cropped-cropped-logo-seite-nur-innen-wei\u00df-1-100x100.png 100w\" sizes=\"auto, (max-width: 74px) 100vw, 74px\" \/><\/p>\n<p style=\"text-align: center;\">Sie sind sich unsicher welches unserer Materialien f\u00fcr Ihr Modell die richtige Wahl ist?<br \/>\nKein Problem, setzen Sie sich einfach <a href=\"https:\/\/best-form.de\/en\/contact\/\">mit uns in Verbindung<\/a>, wir helfen Ihnen bei der Auswahl gerne weiter.<\/p>\n<p style=\"text-align: center;\">Sollten Sie ein Material gefunden haben, welches Ihren Anforderungen gerecht wird, senden Sie uns einfach<br \/>\nIhre Daten im &#8220;.STL&#8221; Format und erhalten Sie noch heute ein <a href=\"https:\/\/best-form.de\/angebot-anfordern\/\">unverbindliches Angebot<\/a>.<\/p>\n","protected":false},"excerpt":{"rendered":"<p>Here is an overview of our most common materials and their properties: &#8220;PLA&#8221; PLA is characterized above all by its biocompatibility, which makes the plastic food-safe. Low moisture absorption ensures easier storage and high UV resistance, as well as low flammability are practical properties for a variety of applications. In general, PLA has good mechanical [&hellip;]<\/p>\n","protected":false},"author":1,"featured_media":0,"parent":0,"menu_order":0,"comment_status":"closed","ping_status":"closed","template":"","meta":{"footnotes":""},"class_list":["post-4839","page","type-page","status-publish","hentry"],"_links":{"self":[{"href":"https:\/\/best-form.de\/en\/wp-json\/wp\/v2\/pages\/4839","targetHints":{"allow":["GET"]}}],"collection":[{"href":"https:\/\/best-form.de\/en\/wp-json\/wp\/v2\/pages"}],"about":[{"href":"https:\/\/best-form.de\/en\/wp-json\/wp\/v2\/types\/page"}],"author":[{"embeddable":true,"href":"https:\/\/best-form.de\/en\/wp-json\/wp\/v2\/users\/1"}],"replies":[{"embeddable":true,"href":"https:\/\/best-form.de\/en\/wp-json\/wp\/v2\/comments?post=4839"}],"version-history":[{"count":0,"href":"https:\/\/best-form.de\/en\/wp-json\/wp\/v2\/pages\/4839\/revisions"}],"wp:attachment":[{"href":"https:\/\/best-form.de\/en\/wp-json\/wp\/v2\/media?parent=4839"}],"curies":[{"name":"wp","href":"https:\/\/api.w.org\/{rel}","templated":true}]}}