{"id":6630,"date":"2022-06-02T11:38:00","date_gmt":"2022-06-02T09:38:00","guid":{"rendered":"https:\/\/best-form.de\/echtheit-von-bewertungen\/"},"modified":"2022-10-18T14:58:37","modified_gmt":"2022-10-18T12:58:37","slug":"echtheit-von-bewertungen","status":"publish","type":"page","link":"https:\/\/best-form.de\/en\/echtheit-von-bewertungen\/","title":{"rendered":"Echtheit von Bewertungen"},"content":{"rendered":"\n<p>Unter jeder einzelnen Bewertung k\u00f6nnen Sie ab sofort erkennen, ob es sich hierbei um einen &#8220;verifizierten&#8221; &#8211; oder &#8220;nicht verifizierten K\u00e4ufer&#8221; handelt. <\/p>\n\n\n\n<p><strong>Was bedeuten diese Aussagen?<\/strong><\/p>\n\n\n\n<ul class=\"wp-block-list\"><li>Bei einer Bewertung mit dem Hinweis &#8220;<mark style=\"background-color:rgba(0, 0, 0, 0)\" class=\"has-inline-color has-vivid-cyan-blue-color\">Verifizierter Kauf<\/mark>&#8221; hat der Verfasser des Kommentars bzw. der Bewertung im Hintergrund eine E-Mail Adresse angegeben, welche eindeutig mit einer tats\u00e4chlichen Bestellung des jeweiligen Artikels zusammenzuf\u00fchren ist. Dank diesem Hinweis k\u00f6nnen Sie also sicher sein, dass diese Bewertung von einem tats\u00e4chlichen K\u00e4ufer des jeweiligen Produktes stammt.<\/li><\/ul>\n\n\n\n<ul class=\"wp-block-list\"><li>Ist nun der Hinweis &#8220;<mark style=\"background-color:rgba(0, 0, 0, 0)\" class=\"has-inline-color has-vivid-cyan-blue-color\">Nicht verifizierter Kauf<\/mark>&#8221; automatisch ein Indiz f\u00fcr eine so genannte &#8220;Fake-Bewertung&#8221;?<br>Ganz klar, NEIN!<br>Hier ein Beispiel: Wenn bei uns ein &#8220;echter K\u00e4ufer&#8221; bei seiner sp\u00e4teren Bewertung eine andere (f\u00fcr Sie nicht sichtbare)  E-Mail Adresse angegeben hat, als bei seiner urspr\u00fcnglichen Bestellung, wird diese vom System automatisch als &#8220;nicht verifiziert&#8221; deklariert, obwohl diese (im genannten Beispiel) durchaus einer &#8220;echten Bewertung&#8221; bzw.  einem &#8220;verifizierten Kauf&#8221; entsprechen w\u00fcrde.<\/li><\/ul>\n\n\n\n<ul class=\"wp-block-list\"><li>Der Hinweis &#8220;<mark style=\"background-color:rgba(0, 0, 0, 0)\" class=\"has-inline-color has-vivid-cyan-blue-color\">Ungepr\u00fcfte Gesamtbewertung<\/mark>&#8221; gibt lediglich zu verstehen, dass es zu dem jeweiligen Artikel Bewertungen mit teilweise &#8220;verifizierten-&#8220;, sowie auch &#8220;nicht verifizierten-&#8221; K\u00e4ufern gibt.<\/li><\/ul>\n\n\n\n<p><strong>Noch ein wichtiger Hinweis dazu:<\/strong><br>Wir verzichten aus Prinzip darauf unseren Kunden nach einer Bestellung eine digitale &#8220;Bewertungs-Erinnerungs-Benachrichtigungen&#8221; zukommen zu lassen. Auf diese Weise k\u00f6nnen Sie also sichergehen, dass alle unsere bisherigen Bewertungen unaufgefordert und daher freiwillig abgegeben worden sind.<\/p>\n\n\n\n<p class=\"has-text-align-center\">&#8220;Wir sch\u00e4tzen all unsere Bewertungen sehr <em>(egal ob diese heutzutage als &#8220;verifiziert&#8221;, oder &#8220;nicht verifiziert&#8221; deklariert werden)<\/em>.- Vielen Dank daf\u00fcr.&#8221;<br><br><\/p>\n","protected":false},"excerpt":{"rendered":"<p>Unter jeder einzelnen Bewertung k\u00f6nnen Sie ab sofort erkennen, ob es sich hierbei um einen &#8220;verifizierten&#8221; &#8211; oder &#8220;nicht verifizierten K\u00e4ufer&#8221; handelt. Was bedeuten diese Aussagen? Bei einer Bewertung mit dem Hinweis &#8220;Verifizierter Kauf&#8221; hat der Verfasser des Kommentars bzw. der Bewertung im Hintergrund eine E-Mail Adresse angegeben, welche eindeutig mit einer tats\u00e4chlichen Bestellung des [&hellip;]<\/p>\n","protected":false},"author":1,"featured_media":0,"parent":0,"menu_order":0,"comment_status":"closed","ping_status":"closed","template":"","meta":{"footnotes":""},"class_list":["post-6630","page","type-page","status-publish","hentry"],"_links":{"self":[{"href":"https:\/\/best-form.de\/en\/wp-json\/wp\/v2\/pages\/6630","targetHints":{"allow":["GET"]}}],"collection":[{"href":"https:\/\/best-form.de\/en\/wp-json\/wp\/v2\/pages"}],"about":[{"href":"https:\/\/best-form.de\/en\/wp-json\/wp\/v2\/types\/page"}],"author":[{"embeddable":true,"href":"https:\/\/best-form.de\/en\/wp-json\/wp\/v2\/users\/1"}],"replies":[{"embeddable":true,"href":"https:\/\/best-form.de\/en\/wp-json\/wp\/v2\/comments?post=6630"}],"version-history":[{"count":0,"href":"https:\/\/best-form.de\/en\/wp-json\/wp\/v2\/pages\/6630\/revisions"}],"wp:attachment":[{"href":"https:\/\/best-form.de\/en\/wp-json\/wp\/v2\/media?parent=6630"}],"curies":[{"name":"wp","href":"https:\/\/api.w.org\/{rel}","templated":true}]}}